{"id":3518,"date":"2025-07-04T09:49:00","date_gmt":"2025-07-04T01:49:00","guid":{"rendered":"https:\/\/www.woqioutdoor.com\/?post_type=product&#038;p=3518"},"modified":"2025-07-04T09:49:01","modified_gmt":"2025-07-04T01:49:01","slug":"woqi-fold-the-inflatable-mattress","status":"publish","type":"product","link":"https:\/\/www.woqioutdoor.com\/zh\/product\/woqi-fold-the-inflatable-mattress\/","title":{"rendered":"WOQI \u6298\u53e0\u5145\u6c14\u5e8a\u57ab"},"content":{"rendered":"<ul>\n<li>\n<h4><span style=\"font-family: georgia, palatino, serif;\"><strong>\u540d\u79f0\uff1a<span style=\"font-family: arial, helvetica, sans-serif;\">\u5145\u6c14\u57ab<\/span><\/strong><\/span><\/h4>\n<\/li>\n<li>\n<h4><span style=\"font-family: georgia, palatino, serif;\"><strong>\u6750\u6599<\/strong>\u00a0 \uff1a <span style=\"font-family: arial, helvetica, sans-serif;\">30D \u6c28\u7eb6 TPU <\/span><\/span><\/h4>\n<\/li>\n<li>\n<h4><span style=\"font-family: georgia, palatino, serif;\"><strong>\u5f00\u53e3\u5c3a\u5bf8 \uff1a \u6beb\u7c73<span style=\"font-family: arial, helvetica, sans-serif;\">190*65*8 \u5398\u7c73<\/span><\/strong><\/span><\/h4>\n<\/li>\n<li>\n<h4><span style=\"font-family: georgia, palatino, serif;\"><strong>\u91cd\u91cf<\/strong><strong>\u00a0\uff1a<\/strong><span style=\"font-family: arial, helvetica, sans-serif;\">3.5 \u5343\u514b<\/span><\/span><\/h4>\n<\/li>\n<li>\n<h4><span style=\"font-family: georgia, palatino, serif;\"><strong>\u5305\u88c5 \uff1a<span style=\"font-family: arial, helvetica, sans-serif;\">35x15x15 \u5398\u7c73<\/span><\/strong><\/span><\/h4>\n<\/li>\n<li>\n<h4><strong style=\"font-family: georgia, palatino, serif;\">\u539f\u4ea7\u5730<\/strong><span style=\"font-family: georgia, palatino, serif;\">\u00a0\u4e2d\u56fd<\/span><\/h4>\n<\/li>\n<\/ul>","protected":false},"excerpt":{"rendered":"<p><span style=\"font-family: arial, helvetica, sans-serif;\">Experience maximum comfort and support with built-in high-density memory foam.<\/span><\/p>","protected":false},"featured_media":3532,"comment_status":"open","ping_status":"closed","template":"","meta":{"_acf_changed":false,"_seopress_robots_primary_cat":"","_seopress_titles_title":"WOQI Colchoneta para acampar con bomba integrada, colch\u00f3n de camping, f\u00e1cil de inflar para acampar y otras \u00faltimas aventuras al aire libre","_seopress_titles_desc":"This inflatable air pump is removable, the battery capacity is large at 1200mAh but powerful, you can easily inflate or deflate your camping mattress.","_seopress_robots_index":""},"categoryproduct":[52],"product_cat":[77],"product_tag":[],"class_list":{"0":"post-3518","1":"product","2":"type-product","3":"status-publish","4":"has-post-thumbnail","6":"categoryproduct-air-mat","7":"product_cat-uncategorized","9":"first","10":"instock","11":"taxable","12":"shipping-taxable","13":"purchasable","14":"product-type-simple"},"acf":[],"_links":{"self":[{"href":"https:\/\/www.woqioutdoor.com\/zh\/wp-json\/wp\/v2\/product\/3518","targetHints":{"allow":["GET"]}}],"collection":[{"href":"https:\/\/www.woqioutdoor.com\/zh\/wp-json\/wp\/v2\/product"}],"about":[{"href":"https:\/\/www.woqioutdoor.com\/zh\/wp-json\/wp\/v2\/types\/product"}],"replies":[{"embeddable":true,"href":"https:\/\/www.woqioutdoor.com\/zh\/wp-json\/wp\/v2\/comments?post=3518"}],"wp:featuredmedia":[{"embeddable":true,"href":"https:\/\/www.woqioutdoor.com\/zh\/wp-json\/wp\/v2\/media\/3532"}],"wp:attachment":[{"href":"https:\/\/www.woqioutdoor.com\/zh\/wp-json\/wp\/v2\/media?parent=3518"}],"wp:term":[{"taxonomy":"categoryproduct","embeddable":true,"href":"https:\/\/www.woqioutdoor.com\/zh\/wp-json\/wp\/v2\/categoryproduct?post=3518"},{"taxonomy":"product_cat","embeddable":true,"href":"https:\/\/www.woqioutdoor.com\/zh\/wp-json\/wp\/v2\/product_cat?post=3518"},{"taxonomy":"product_tag","embeddable":true,"href":"https:\/\/www.woqioutdoor.com\/zh\/wp-json\/wp\/v2\/product_tag?post=3518"}],"curies":[{"name":"wp","href":"https:\/\/api.w.org\/{rel}","templated":true}]}}