{"id":3955,"date":"2025-07-07T13:56:13","date_gmt":"2025-07-07T05:56:13","guid":{"rendered":"https:\/\/www.woqioutdoor.com\/?post_type=product&#038;p=3955"},"modified":"2025-07-07T13:56:13","modified_gmt":"2025-07-07T05:56:13","slug":"woqi-light-inflatable-pillow","status":"publish","type":"product","link":"https:\/\/www.woqioutdoor.com\/es\/product\/woqi-light-inflatable-pillow\/","title":{"rendered":"Almohada hinchable ligera WOQI"},"content":{"rendered":"<ul>\n<li>\n<h4><strong>Nombre \uff1a<\/strong><span style=\"font-family: arial, helvetica, sans-serif;\">Almohada de aire<\/span><\/h4>\n<\/li>\n<li>\n<h4><strong>Material<\/strong>\u00a0 \uff1a<span style=\"font-family: arial, helvetica, sans-serif;\">PVC<\/span><\/h4>\n<\/li>\n<li>\n<h4><strong>Talla \uff1a<span style=\"font-family: arial, helvetica, sans-serif;\">40x25x9<\/span><\/strong><span style=\"font-family: arial, helvetica, sans-serif;\">CM<\/span><\/h4>\n<\/li>\n<li>\n<h4><strong>Peso<\/strong><strong>\u00a0\uff1a<\/strong><span style=\"font-family: arial, helvetica, sans-serif;\">64G<\/span><\/h4>\n<\/li>\n<li>\n<h4><strong>Paquete \uff1a<\/strong><span style=\"font-family: arial, helvetica, sans-serif;\">40*24*36cm\/100PCS<\/span><\/h4>\n<\/li>\n<li>\n<h4><strong>Lugar de origen<\/strong>\u00a0China<\/h4>\n<\/li>\n<\/ul>","protected":false},"excerpt":{"rendered":"<p><span style=\"font-family: arial, helvetica, sans-serif;\">Plegable y port\u00e1til M\u00e1s grande que la mayor\u00eda de las almohadas de viaje. Abre la tapa para que salga el aire, luego pli\u00e9gala y gu\u00e1rdala en una bolsa<\/span><\/p>","protected":false},"featured_media":3959,"comment_status":"open","ping_status":"closed","template":"","meta":{"_acf_changed":false,"_seopress_robots_primary_cat":"","_seopress_titles_title":"WOQI Inflatable Camping Pillow 80g Ultra Light Travel Pillow Inflatable Beach Pillow Airbag for Outdoor Hiking","_seopress_titles_desc":"Ease of use These inflatable pillows can be refilled after 3-5 puffs, and you can adjust the tightness to suit your personal sleeping habits.","_seopress_robots_index":""},"categoryproduct":[51],"product_cat":[77],"product_tag":[],"class_list":{"0":"post-3955","1":"product","2":"type-product","3":"status-publish","4":"has-post-thumbnail","6":"categoryproduct-air-pillow","7":"product_cat-uncategorized","9":"first","10":"instock","11":"taxable","12":"shipping-taxable","13":"purchasable","14":"product-type-simple"},"acf":[],"_links":{"self":[{"href":"https:\/\/www.woqioutdoor.com\/es\/wp-json\/wp\/v2\/product\/3955","targetHints":{"allow":["GET"]}}],"collection":[{"href":"https:\/\/www.woqioutdoor.com\/es\/wp-json\/wp\/v2\/product"}],"about":[{"href":"https:\/\/www.woqioutdoor.com\/es\/wp-json\/wp\/v2\/types\/product"}],"replies":[{"embeddable":true,"href":"https:\/\/www.woqioutdoor.com\/es\/wp-json\/wp\/v2\/comments?post=3955"}],"wp:featuredmedia":[{"embeddable":true,"href":"https:\/\/www.woqioutdoor.com\/es\/wp-json\/wp\/v2\/media\/3959"}],"wp:attachment":[{"href":"https:\/\/www.woqioutdoor.com\/es\/wp-json\/wp\/v2\/media?parent=3955"}],"wp:term":[{"taxonomy":"categoryproduct","embeddable":true,"href":"https:\/\/www.woqioutdoor.com\/es\/wp-json\/wp\/v2\/categoryproduct?post=3955"},{"taxonomy":"product_cat","embeddable":true,"href":"https:\/\/www.woqioutdoor.com\/es\/wp-json\/wp\/v2\/product_cat?post=3955"},{"taxonomy":"product_tag","embeddable":true,"href":"https:\/\/www.woqioutdoor.com\/es\/wp-json\/wp\/v2\/product_tag?post=3955"}],"curies":[{"name":"wp","href":"https:\/\/api.w.org\/{rel}","templated":true}]}}