{"id":3933,"date":"2025-07-07T13:10:32","date_gmt":"2025-07-07T05:10:32","guid":{"rendered":"https:\/\/www.woqioutdoor.com\/?post_type=product&#038;p=3933"},"modified":"2025-07-07T13:10:32","modified_gmt":"2025-07-07T05:10:32","slug":"woqi-camping-air-pillow","status":"publish","type":"product","link":"https:\/\/www.woqioutdoor.com\/es\/product\/woqi-camping-air-pillow\/","title":{"rendered":"WOQI Almohada de aire para camping"},"content":{"rendered":"<h2 class=\"a-size-base-plus a-text-bold\"><span style=\"font-family: arial, helvetica, sans-serif;\">Acerca de este art\u00edculo<\/span><\/h2>\n<div class=\"a-expander-collapsed-height a-row a-expander-container a-expander-partial-collapse-container\" data-a-expander-collapsed-height=\"300\">\n<div class=\"a-expander-content a-expander-partial-collapse-content\" data-expanded=\"false\">\n<p><span class=\"a-list-item\" style=\"font-family: arial, helvetica, sans-serif;\">[Compa\u00f1ero perfecto para dormir] Comb\u00ednalo con tu saco de dormir para un sue\u00f1o reparador.<\/span><\/p>\n<p><span class=\"a-list-item\" style=\"font-family: arial, helvetica, sans-serif;\">[Uso vers\u00e1til] Ideal para viajar, acampar o incluso en su oficina para relajarse r\u00e1pidamente<\/span><\/p>\n<p><span class=\"a-list-item\" style=\"font-family: arial, helvetica, sans-serif;\">[Ideal para viajar] Su tama\u00f1o ligero y compacto lo hace perfecto para llevarlo de viaje<\/span><\/p>\n<p><span class=\"a-list-item\" style=\"font-family: arial, helvetica, sans-serif;\">[Port\u00e1til y pr\u00e1ctica] Esta almohada se puede plegar f\u00e1cilmente para guardarla y transportarla sin esfuerzo.<\/span><\/p>\n<p><span class=\"a-list-item\" style=\"font-family: arial, helvetica, sans-serif;\">[Suave y c\u00f3modo] Experimente la comodidad con el material de tela de flocado grueso y suave<\/span><\/p>\n<p><img loading=\"lazy\" decoding=\"async\" class=\"size-full wp-image-3910 aligncenter\" src=\"https:\/\/www.woqioutdoor.com\/wp-content\/uploads\/2025\/07\/\u573a\u666f-6.jpg\" alt=\"\" width=\"640\" height=\"640\" srcset=\"https:\/\/www.woqioutdoor.com\/wp-content\/uploads\/2025\/07\/\u573a\u666f-6.jpg 640w, https:\/\/www.woqioutdoor.com\/wp-content\/uploads\/2025\/07\/\u573a\u666f-6-12x12.jpg 12w, https:\/\/www.woqioutdoor.com\/wp-content\/uploads\/2025\/07\/\u573a\u666f-6-300x300.jpg 300w, https:\/\/www.woqioutdoor.com\/wp-content\/uploads\/2025\/07\/\u573a\u666f-6-600x600.jpg 600w, https:\/\/www.woqioutdoor.com\/wp-content\/uploads\/2025\/07\/\u573a\u666f-6-100x100.jpg 100w\" sizes=\"auto, (max-width: 640px) 100vw, 640px\" \/><\/p>\n<p><img loading=\"lazy\" decoding=\"async\" class=\"alignnone size-full wp-image-3921\" src=\"https:\/\/www.woqioutdoor.com\/wp-content\/uploads\/2025\/07\/1-45.jpg\" alt=\"\" width=\"640\" height=\"640\" srcset=\"https:\/\/www.woqioutdoor.com\/wp-content\/uploads\/2025\/07\/1-45.jpg 640w, https:\/\/www.woqioutdoor.com\/wp-content\/uploads\/2025\/07\/1-45-12x12.jpg 12w, https:\/\/www.woqioutdoor.com\/wp-content\/uploads\/2025\/07\/1-45-300x300.jpg 300w, https:\/\/www.woqioutdoor.com\/wp-content\/uploads\/2025\/07\/1-45-600x600.jpg 600w, https:\/\/www.woqioutdoor.com\/wp-content\/uploads\/2025\/07\/1-45-100x100.jpg 100w\" sizes=\"auto, (max-width: 640px) 100vw, 640px\" \/> <img loading=\"lazy\" decoding=\"async\" class=\"alignnone size-full wp-image-3922\" src=\"https:\/\/www.woqioutdoor.com\/wp-content\/uploads\/2025\/07\/2-45.jpg\" alt=\"\" width=\"640\" height=\"640\" srcset=\"https:\/\/www.woqioutdoor.com\/wp-content\/uploads\/2025\/07\/2-45.jpg 640w, https:\/\/www.woqioutdoor.com\/wp-content\/uploads\/2025\/07\/2-45-12x12.jpg 12w, https:\/\/www.woqioutdoor.com\/wp-content\/uploads\/2025\/07\/2-45-300x300.jpg 300w, https:\/\/www.woqioutdoor.com\/wp-content\/uploads\/2025\/07\/2-45-600x600.jpg 600w, https:\/\/www.woqioutdoor.com\/wp-content\/uploads\/2025\/07\/2-45-100x100.jpg 100w\" sizes=\"auto, (max-width: 640px) 100vw, 640px\" \/> <img loading=\"lazy\" decoding=\"async\" class=\"alignnone size-full wp-image-3923\" src=\"https:\/\/www.woqioutdoor.com\/wp-content\/uploads\/2025\/07\/3-46.jpg\" alt=\"\" width=\"640\" height=\"640\" srcset=\"https:\/\/www.woqioutdoor.com\/wp-content\/uploads\/2025\/07\/3-46.jpg 640w, https:\/\/www.woqioutdoor.com\/wp-content\/uploads\/2025\/07\/3-46-12x12.jpg 12w, https:\/\/www.woqioutdoor.com\/wp-content\/uploads\/2025\/07\/3-46-300x300.jpg 300w, https:\/\/www.woqioutdoor.com\/wp-content\/uploads\/2025\/07\/3-46-600x600.jpg 600w, https:\/\/www.woqioutdoor.com\/wp-content\/uploads\/2025\/07\/3-46-100x100.jpg 100w\" sizes=\"auto, (max-width: 640px) 100vw, 640px\" \/> <img loading=\"lazy\" decoding=\"async\" class=\"alignnone size-full wp-image-3924\" src=\"https:\/\/www.woqioutdoor.com\/wp-content\/uploads\/2025\/07\/4-41.jpg\" alt=\"\" width=\"640\" height=\"640\" srcset=\"https:\/\/www.woqioutdoor.com\/wp-content\/uploads\/2025\/07\/4-41.jpg 640w, https:\/\/www.woqioutdoor.com\/wp-content\/uploads\/2025\/07\/4-41-12x12.jpg 12w, https:\/\/www.woqioutdoor.com\/wp-content\/uploads\/2025\/07\/4-41-300x300.jpg 300w, https:\/\/www.woqioutdoor.com\/wp-content\/uploads\/2025\/07\/4-41-600x600.jpg 600w, https:\/\/www.woqioutdoor.com\/wp-content\/uploads\/2025\/07\/4-41-100x100.jpg 100w\" sizes=\"auto, (max-width: 640px) 100vw, 640px\" \/> <img loading=\"lazy\" decoding=\"async\" class=\"alignnone size-full wp-image-3925\" src=\"https:\/\/www.woqioutdoor.com\/wp-content\/uploads\/2025\/07\/5-31.jpg\" alt=\"\" width=\"640\" height=\"640\" srcset=\"https:\/\/www.woqioutdoor.com\/wp-content\/uploads\/2025\/07\/5-31.jpg 640w, https:\/\/www.woqioutdoor.com\/wp-content\/uploads\/2025\/07\/5-31-12x12.jpg 12w, https:\/\/www.woqioutdoor.com\/wp-content\/uploads\/2025\/07\/5-31-300x300.jpg 300w, https:\/\/www.woqioutdoor.com\/wp-content\/uploads\/2025\/07\/5-31-600x600.jpg 600w, https:\/\/www.woqioutdoor.com\/wp-content\/uploads\/2025\/07\/5-31-100x100.jpg 100w\" sizes=\"auto, (max-width: 640px) 100vw, 640px\" \/> <img loading=\"lazy\" decoding=\"async\" class=\"alignnone size-full wp-image-3926\" src=\"https:\/\/www.woqioutdoor.com\/wp-content\/uploads\/2025\/07\/6-20.jpg\" alt=\"\" width=\"640\" height=\"640\" srcset=\"https:\/\/www.woqioutdoor.com\/wp-content\/uploads\/2025\/07\/6-20.jpg 640w, https:\/\/www.woqioutdoor.com\/wp-content\/uploads\/2025\/07\/6-20-12x12.jpg 12w, https:\/\/www.woqioutdoor.com\/wp-content\/uploads\/2025\/07\/6-20-300x300.jpg 300w, https:\/\/www.woqioutdoor.com\/wp-content\/uploads\/2025\/07\/6-20-600x600.jpg 600w, https:\/\/www.woqioutdoor.com\/wp-content\/uploads\/2025\/07\/6-20-100x100.jpg 100w\" sizes=\"auto, (max-width: 640px) 100vw, 640px\" \/><\/p>\n<p>&nbsp;<\/p>\n<p>&nbsp;<\/p>\n<p>&nbsp;<\/p>\n<p>&nbsp;<\/p>\n<p>&nbsp;<\/p>\n<p><img loading=\"lazy\" decoding=\"async\" class=\"size-full wp-image-3920 aligncenter\" src=\"https:\/\/www.woqioutdoor.com\/wp-content\/uploads\/2025\/07\/\u5b9e\u62cd-38.jpg\" alt=\"\" width=\"550\" height=\"723\" srcset=\"https:\/\/www.woqioutdoor.com\/wp-content\/uploads\/2025\/07\/\u5b9e\u62cd-38.jpg 550w, https:\/\/www.woqioutdoor.com\/wp-content\/uploads\/2025\/07\/\u5b9e\u62cd-38-9x12.jpg 9w\" sizes=\"auto, (max-width: 550px) 100vw, 550px\" \/> <img loading=\"lazy\" decoding=\"async\" class=\"size-medium wp-image-3937 aligncenter\" src=\"https:\/\/www.woqioutdoor.com\/wp-content\/uploads\/2025\/07\/\u8bc1\u4e66-3.png\" alt=\"\" width=\"877\" height=\"766\" srcset=\"https:\/\/www.woqioutdoor.com\/wp-content\/uploads\/2025\/07\/\u8bc1\u4e66-3.png 877w, https:\/\/www.woqioutdoor.com\/wp-content\/uploads\/2025\/07\/\u8bc1\u4e66-3-768x671.png 768w, https:\/\/www.woqioutdoor.com\/wp-content\/uploads\/2025\/07\/\u8bc1\u4e66-3-14x12.png 14w, https:\/\/www.woqioutdoor.com\/wp-content\/uploads\/2025\/07\/\u8bc1\u4e66-3-600x524.png 600w\" sizes=\"auto, (max-width: 877px) 100vw, 877px\" \/> <img loading=\"lazy\" decoding=\"async\" class=\"size-full wp-image-3936 aligncenter\" src=\"https:\/\/www.woqioutdoor.com\/wp-content\/uploads\/2025\/07\/\u8054\u7cfb-1-1.jpg\" alt=\"\" width=\"1080\" height=\"1080\" srcset=\"https:\/\/www.woqioutdoor.com\/wp-content\/uploads\/2025\/07\/\u8054\u7cfb-1-1.jpg 1080w, https:\/\/www.woqioutdoor.com\/wp-content\/uploads\/2025\/07\/\u8054\u7cfb-1-1-768x768.jpg 768w, https:\/\/www.woqioutdoor.com\/wp-content\/uploads\/2025\/07\/\u8054\u7cfb-1-1-12x12.jpg 12w, https:\/\/www.woqioutdoor.com\/wp-content\/uploads\/2025\/07\/\u8054\u7cfb-1-1-300x300.jpg 300w, https:\/\/www.woqioutdoor.com\/wp-content\/uploads\/2025\/07\/\u8054\u7cfb-1-1-600x600.jpg 600w, https:\/\/www.woqioutdoor.com\/wp-content\/uploads\/2025\/07\/\u8054\u7cfb-1-1-100x100.jpg 100w\" sizes=\"auto, (max-width: 1080px) 100vw, 1080px\" \/><\/p>\n<\/div>\n<\/div>","protected":false},"excerpt":{"rendered":"<p><span class=\"a-list-item\" style=\"font-family: arial, helvetica, sans-serif;\"> Lightweight and compact size makes it perfect for on-the-go use<\/span><\/p>","protected":false},"featured_media":3915,"comment_status":"open","ping_status":"closed","template":"","meta":{"_acf_changed":false,"_seopress_robots_primary_cat":"none","_seopress_titles_title":"WOQI Camping Travel Inflatable Pillow, Soft and Comfortable Inflatable Travel Pillow, Great for Camping, With Outdoor Hiking Sleeping Bag, PVC Flocking","_seopress_titles_desc":"Easily fold up this pillow into a small size for effortless storage and transportation","_seopress_robots_index":""},"categoryproduct":[51],"product_cat":[77],"product_tag":[],"class_list":{"0":"post-3933","1":"product","2":"type-product","3":"status-publish","4":"has-post-thumbnail","6":"categoryproduct-air-pillow","7":"product_cat-uncategorized","9":"first","10":"instock","11":"taxable","12":"shipping-taxable","13":"purchasable","14":"product-type-simple"},"acf":[],"_links":{"self":[{"href":"https:\/\/www.woqioutdoor.com\/es\/wp-json\/wp\/v2\/product\/3933","targetHints":{"allow":["GET"]}}],"collection":[{"href":"https:\/\/www.woqioutdoor.com\/es\/wp-json\/wp\/v2\/product"}],"about":[{"href":"https:\/\/www.woqioutdoor.com\/es\/wp-json\/wp\/v2\/types\/product"}],"replies":[{"embeddable":true,"href":"https:\/\/www.woqioutdoor.com\/es\/wp-json\/wp\/v2\/comments?post=3933"}],"wp:featuredmedia":[{"embeddable":true,"href":"https:\/\/www.woqioutdoor.com\/es\/wp-json\/wp\/v2\/media\/3915"}],"wp:attachment":[{"href":"https:\/\/www.woqioutdoor.com\/es\/wp-json\/wp\/v2\/media?parent=3933"}],"wp:term":[{"taxonomy":"categoryproduct","embeddable":true,"href":"https:\/\/www.woqioutdoor.com\/es\/wp-json\/wp\/v2\/categoryproduct?post=3933"},{"taxonomy":"product_cat","embeddable":true,"href":"https:\/\/www.woqioutdoor.com\/es\/wp-json\/wp\/v2\/product_cat?post=3933"},{"taxonomy":"product_tag","embeddable":true,"href":"https:\/\/www.woqioutdoor.com\/es\/wp-json\/wp\/v2\/product_tag?post=3933"}],"curies":[{"name":"wp","href":"https:\/\/api.w.org\/{rel}","templated":true}]}}