{"id":3123,"date":"2025-07-02T09:49:08","date_gmt":"2025-07-02T01:49:08","guid":{"rendered":"https:\/\/www.woqioutdoor.com\/?post_type=product&#038;p=3123"},"modified":"2025-07-03T11:27:09","modified_gmt":"2025-07-03T03:27:09","slug":"woqi-1-bedroom-family-tent","status":"publish","type":"product","link":"https:\/\/www.woqioutdoor.com\/es\/product\/woqi-1-bedroom-family-tent\/","title":{"rendered":"Tienda familiar WOQI de 1 dormitorio"},"content":{"rendered":"<ul>\n<li>\n<h4><strong>Nombre \uff1a<span style=\"font-family: arial, helvetica, sans-serif;\">Tienda de campa\u00f1a<\/span><\/strong><\/h4>\n<\/li>\n<li>\n<h4><strong>Material<\/strong>\u00a0 \uff1a<span style=\"font-family: arial, helvetica, sans-serif;\"> Poli\u00e9ster<\/span><\/h4>\n<\/li>\n<li>\n<h4><strong>Tama\u00f1o de apertura \uff1a<span style=\"font-family: arial, helvetica, sans-serif;\">360X290CM<\/span><\/strong><\/h4>\n<\/li>\n<li>\n<h4><strong>Peso<\/strong><strong>\u00a0\uff1a<\/strong><span style=\"font-family: arial, helvetica, sans-serif;\">10 kg<\/span><\/h4>\n<\/li>\n<li>\n<h4><strong>Paquete \uff1a<span style=\"font-family: arial, helvetica, sans-serif;\">86,61\u2033L x 125,98\u2033A x 51,18\u2033H<\/span><\/strong><\/h4>\n<\/li>\n<li>\n<h4><strong>Lugar de origen<\/strong>\u00a0\uff1a <span style=\"font-family: arial, helvetica, sans-serif;\">China<\/span><\/h4>\n<\/li>\n<\/ul>","protected":false},"excerpt":{"rendered":"<p><span style=\"font-family: arial, helvetica, sans-serif;\">Excelente ventilaci\u00f3n: Equipado con m\u00faltiples ventanas de malla y puertas de doble panel, lo que garantiza un flujo de aire \u00f3ptimo mientras se mantiene fuera.<\/span><\/p>","protected":false},"featured_media":3129,"comment_status":"open","ping_status":"closed","template":"","meta":{"_acf_changed":false,"_seopress_robots_primary_cat":"none","_seopress_titles_title":"WOQI Wholesale One-Bedroom Family Tent Waterproof Outdoor Camping Foldable Tent","_seopress_titles_desc":"Quick and Easy Setup: Unbox and throw the tent into the air for automatic setup in seconds, providing an enjoyable camping experience","_seopress_robots_index":""},"categoryproduct":[53],"product_cat":[77],"product_tag":[],"class_list":{"0":"post-3123","1":"product","2":"type-product","3":"status-publish","4":"has-post-thumbnail","6":"categoryproduct-camping-tent","7":"product_cat-uncategorized","9":"first","10":"instock","11":"taxable","12":"shipping-taxable","13":"purchasable","14":"product-type-simple"},"acf":[],"_links":{"self":[{"href":"https:\/\/www.woqioutdoor.com\/es\/wp-json\/wp\/v2\/product\/3123","targetHints":{"allow":["GET"]}}],"collection":[{"href":"https:\/\/www.woqioutdoor.com\/es\/wp-json\/wp\/v2\/product"}],"about":[{"href":"https:\/\/www.woqioutdoor.com\/es\/wp-json\/wp\/v2\/types\/product"}],"replies":[{"embeddable":true,"href":"https:\/\/www.woqioutdoor.com\/es\/wp-json\/wp\/v2\/comments?post=3123"}],"wp:featuredmedia":[{"embeddable":true,"href":"https:\/\/www.woqioutdoor.com\/es\/wp-json\/wp\/v2\/media\/3129"}],"wp:attachment":[{"href":"https:\/\/www.woqioutdoor.com\/es\/wp-json\/wp\/v2\/media?parent=3123"}],"wp:term":[{"taxonomy":"categoryproduct","embeddable":true,"href":"https:\/\/www.woqioutdoor.com\/es\/wp-json\/wp\/v2\/categoryproduct?post=3123"},{"taxonomy":"product_cat","embeddable":true,"href":"https:\/\/www.woqioutdoor.com\/es\/wp-json\/wp\/v2\/product_cat?post=3123"},{"taxonomy":"product_tag","embeddable":true,"href":"https:\/\/www.woqioutdoor.com\/es\/wp-json\/wp\/v2\/product_tag?post=3123"}],"curies":[{"name":"wp","href":"https:\/\/api.w.org\/{rel}","templated":true}]}}