{"id":23,"date":"2024-08-13T14:57:38","date_gmt":"2024-08-13T06:57:38","guid":{"rendered":"http:\/\/haonuo.cc\/?page_id=23"},"modified":"2025-07-09T21:51:38","modified_gmt":"2025-07-09T13:51:38","slug":"about","status":"publish","type":"page","link":"https:\/\/www.woqioutdoor.com\/es\/about\/","title":{"rendered":"Qui\u00e9nes somos"},"content":{"rendered":"<p>Caoxian Woqi Outdoor Equipment Co, Ltd. es una empresa integrada de la industria y el comercio, con m\u00e1s de 10 a\u00f1os de experiencia en producci\u00f3n y ventas, y puede controlar la calidad de los productos desde la fuente, prestar atenci\u00f3n al desarrollo de productos y personalizaci\u00f3n de productos, la empresa se ha comprometido a la producci\u00f3n de alta calidad, de alta calidad, equipos de alta aplicaci\u00f3n al aire libre, los principales productos son sillas plegables de playa al aire libre, todo tipo de tiendas de campa\u00f1a, sacos de dormir de camping, hamacas, sillas colgantes de diversos materiales, todo tipo de cubiertas, tales como cubiertas de bicicleta, cubiertas de la motocicleta, cubiertas de coche, colchonetas de playa, colchonetas de camping, colchonetas de yoga, productos al aire libre, tales como sof\u00e1s inflables para la playa. La empresa tambi\u00e9n cuenta con un equipo profesional de producci\u00f3n, un equipo de control de calidad, un equipo de ventas y un equipo de posventa, as\u00ed como un equipo profesional de comercio exterior, operaciones cualificadas de importaci\u00f3n y exportaci\u00f3n han alcanzado la satisfacci\u00f3n del cliente. Los productos se exportan a m\u00e1s de 150 pa\u00edses, en la actualidad, la capacidad de suministro de la empresa es estable, los principales grupos de clientes de Am\u00e9rica del Norte, Europa, Asia y otras regiones y pa\u00edses.<\/p>","protected":false},"excerpt":{"rendered":"<p>Caoxian Woqi Outdoor Equipment Co., Ltd. is an industry and trade integrated enterprise, with more than 10 years of production and sales experience, and can control the quality of products from the source, pay attention to product development and product customization, the company is committed to the production of high-quality, high-quality, high-application outdoor equipment, the [&hellip;]<\/p>","protected":false},"author":1,"featured_media":4098,"parent":0,"menu_order":3,"comment_status":"closed","ping_status":"closed","template":"about.php","meta":{"_acf_changed":false,"_seopress_robots_primary_cat":"","_seopress_titles_title":"","_seopress_titles_desc":"","_seopress_robots_index":"","footnotes":""},"class_list":["post-23","page","type-page","status-publish","has-post-thumbnail","hentry"],"acf":[],"_links":{"self":[{"href":"https:\/\/www.woqioutdoor.com\/es\/wp-json\/wp\/v2\/pages\/23","targetHints":{"allow":["GET"]}}],"collection":[{"href":"https:\/\/www.woqioutdoor.com\/es\/wp-json\/wp\/v2\/pages"}],"about":[{"href":"https:\/\/www.woqioutdoor.com\/es\/wp-json\/wp\/v2\/types\/page"}],"author":[{"embeddable":true,"href":"https:\/\/www.woqioutdoor.com\/es\/wp-json\/wp\/v2\/users\/1"}],"replies":[{"embeddable":true,"href":"https:\/\/www.woqioutdoor.com\/es\/wp-json\/wp\/v2\/comments?post=23"}],"version-history":[{"count":0,"href":"https:\/\/www.woqioutdoor.com\/es\/wp-json\/wp\/v2\/pages\/23\/revisions"}],"wp:featuredmedia":[{"embeddable":true,"href":"https:\/\/www.woqioutdoor.com\/es\/wp-json\/wp\/v2\/media\/4098"}],"wp:attachment":[{"href":"https:\/\/www.woqioutdoor.com\/es\/wp-json\/wp\/v2\/media?parent=23"}],"curies":[{"name":"wp","href":"https:\/\/api.w.org\/{rel}","templated":true}]}}